{"id":2,"date":"2018-08-09T13:04:15","date_gmt":"2018-08-09T11:04:15","guid":{"rendered":""},"modified":"2022-04-15T10:20:24","modified_gmt":"2022-04-15T08:20:24","slug":"beispiel-seite","status":"publish","type":"page","link":"http:\/\/www.ninareisinger.at\/","title":{"rendered":"Mag.\u00aa Nina Reisinger"},"content":{"rendered":"<p>Dolmetscherin f\u00fcr \u00f6sterreichische Geb\u00e4rdensprache und Deutsch<\/p>\n<p>Mobil: +43 676 789 74 97<br \/>\nMail: office&#64;ninareisinger&#46;at<\/p>\n","protected":false},"excerpt":{"rendered":"<p>Dolmetscherin f\u00fcr \u00f6sterreichische Geb\u00e4rdensprache und Deutsch Mobil: +43 676 789 74 97 Mail:<\/p>\n","protected":false},"author":1,"featured_media":0,"parent":0,"menu_order":0,"comment_status":"closed","ping_status":"open","template":"","meta":{"footnotes":""},"_links":{"self":[{"href":"http:\/\/www.ninareisinger.at\/index.php?rest_route=\/wp\/v2\/pages\/2"}],"collection":[{"href":"http:\/\/www.ninareisinger.at\/index.php?rest_route=\/wp\/v2\/pages"}],"about":[{"href":"http:\/\/www.ninareisinger.at\/index.php?rest_route=\/wp\/v2\/types\/page"}],"author":[{"embeddable":true,"href":"http:\/\/www.ninareisinger.at\/index.php?rest_route=\/wp\/v2\/users\/1"}],"replies":[{"embeddable":true,"href":"http:\/\/www.ninareisinger.at\/index.php?rest_route=%2Fwp%2Fv2%2Fcomments&post=2"}],"version-history":[{"count":9,"href":"http:\/\/www.ninareisinger.at\/index.php?rest_route=\/wp\/v2\/pages\/2\/revisions"}],"predecessor-version":[{"id":59,"href":"http:\/\/www.ninareisinger.at\/index.php?rest_route=\/wp\/v2\/pages\/2\/revisions\/59"}],"wp:attachment":[{"href":"http:\/\/www.ninareisinger.at\/index.php?rest_route=%2Fwp%2Fv2%2Fmedia&parent=2"}],"curies":[{"name":"wp","href":"https:\/\/api.w.org\/{rel}","templated":true}]}}